{"id":560,"date":"2020-08-09T20:11:11","date_gmt":"2020-08-09T17:11:11","guid":{"rendered":"https:\/\/cvio-demo.bslthemes.com\/ve1\/?page_id=560"},"modified":"2023-09-06T13:11:05","modified_gmt":"2023-09-06T10:11:05","slug":"blog","status":"publish","type":"page","link":"https:\/\/www.codiasoft.com\/blog\/","title":{"rendered":"Blog"},"content":{"rendered":"\t\t<div data-elementor-type=\"wp-page\" data-elementor-id=\"560\" class=\"elementor elementor-560\">\n\t\t\t\t\t\t<section class=\"elementor-section elementor-top-section elementor-element elementor-element-05e0de1 elementor-section-full_width elementor-section-height-default elementor-section-height-default\" data-id=\"05e0de1\" data-element_type=\"section\">\n\t\t\t\t\t\t<div class=\"elementor-container elementor-column-gap-no\">\n\t\t\t\t\t<div class=\"elementor-column elementor-col-100 elementor-top-column elementor-element elementor-element-428bcbd\" data-id=\"428bcbd\" data-element_type=\"column\">\n\t\t\t<div class=\"elementor-widget-wrap elementor-element-populated\">\n\t\t\t\t\t\t<div class=\"elementor-element elementor-element-c034350 elementor-widget elementor-widget-cvio-started-section\" data-id=\"c034350\" data-element_type=\"widget\" data-widget_type=\"cvio-started-section.default\">\n\t\t\t\t<div class=\"elementor-widget-container\">\n\t\t\t\t\t\n\t\t<!-- Section Started -->\n\t\t<div class=\"section started layout-creative\">\n\n\t\t\t\t\t\t<div class=\"video-bg\">\n\t\t\t\t<div class=\"video-bg-mask\"><\/div>\n\t\t\t\t<div class=\"video-bg-texture\" id=\"grained_container\"><\/div>\t\t\t<\/div>\n\t\t\t\n\t\t\t\n\t\t\t\n\t\t\t\n\t\t\t\n\t\t\t<div class=\"centrize full-width\">\n\t\t\t\t<div class=\"vertical-center\">\n\t\t\t\t\t<div class=\"started-content\">\n\n\t\t\t\t\t\t\n\t\t\t\t\t\t\t\t\t\t\t\t<h1 class=\"h-title\">\n\t\t\t\t\t\t\t<span {{{ view.getRenderAttributeString( 'title' ) }}}>\n\t\t\t\t\t\t\t\tCodiaBlog\t\t\t\t\t\t\t<\/span>\n\t\t\t\t\t\t<\/h1>\n\t\t\t\t\t\t\n\t\t\t\t\t\t\t\t\t\t\t\t<div class=\"h-subtitles\">\n\t\t\t\t\t\t\t<div class=\"h-subtitle typing-subtitle\">\n\t\t\t\t\t\t\t\t\t\t\t\t\t\t\t\t<p>Biz hep \"Ne Olursan Ol Yine Gel\" yerine, \"Ne Oldu\u011fun \u00d6nemli De\u011fil, Biz Sana Geliriz\" diyenlerden olmak istedik. <\/p>\n\t\t\t\t\t\t\t\t\t\t\t\t\t\t\t\t<p>G\u00fczel izler b\u0131rakmak istiyoruz.<\/p>\n\t\t\t\t\t\t\t\t\t\t\t\t\t\t\t\t<p>Asl\u0131nda \"G\u00fczel Tasar\u0131m\" dedi\u011fin trend olan de\u011fildir. <\/p>\n\t\t\t\t\t\t\t\t\t\t\t\t\t\t\t\t<p>Sen de burada yaz\u0131n bulunsun ister misin? <\/p>\n\t\t\t\t\t\t\t\t\t\t\t\t\t\t\t\t<p>\u0130yi ki yapm\u0131\u015f\u0131z dedi\u011fimiz \u015feyler biriktirdik.<\/p>\n\t\t\t\t\t\t\t\t\t\t\t\t\t\t\t\t<p>SEO odakl\u0131 m\u0131 yazsak? Yoksa bildiklerimizi mi \u00f6\u011fretsek?<\/p>\n\t\t\t\t\t\t\t\t\t\t\t\t\t\t\t<\/div>\n\t\t\t\t\t\t\t<span class=\"typed-subtitle\" data-tspeed=\"50\" data-tdelay=\"500\"><\/span>\n\t\t\t\t\t\t<\/div>\n\t\t\t\t\t\t\n\t\t\t\t\t\t\n\t\t\t\t\t<\/div>\n\t\t\t\t<\/div>\n\t\t\t<\/div>\n\t\t\t<a href=\"#\" class=\"mouse_btn\" style=\"display: none;\"><span class=\"icon fas fa-chevron-down\"><\/span><\/a>\n\t\t<\/div>\n\n\t\t\t\t\t\t<\/div>\n\t\t\t\t<\/div>\n\t\t\t\t\t<\/div>\n\t\t<\/div>\n\t\t\t\t\t<\/div>\n\t\t<\/section>\n\t\t\t\t<section class=\"elementor-section elementor-top-section elementor-element elementor-element-139ae1f elementor-section-full_width elementor-section-height-default elementor-section-height-default\" data-id=\"139ae1f\" data-element_type=\"section\">\n\t\t\t\t\t\t<div class=\"elementor-container elementor-column-gap-no\">\n\t\t\t\t\t<div class=\"elementor-column elementor-col-100 elementor-top-column elementor-element elementor-element-bc4b9f8\" data-id=\"bc4b9f8\" data-element_type=\"column\">\n\t\t\t<div class=\"elementor-widget-wrap elementor-element-populated\">\n\t\t\t\t\t\t<div class=\"elementor-element elementor-element-46238bd elementor-widget elementor-widget-cvio-blog\" data-id=\"46238bd\" data-element_type=\"widget\" data-widget_type=\"cvio-blog.default\">\n\t\t\t\t<div class=\"elementor-widget-container\">\n\t\t\t\t\t\n\t\t<!-- Section Blog -->\n\t\t<div class=\"section blog\">\n\t\t\t<div class=\"content\">\n\n\t\t\t\t\t\t\t\t<h2 class=\"title\">\n\t\t\t\t\t<div class=\"title_inner\">\n\t\t\t\t\t\t<span >\n\t\t\t\t\t\t\tSon Payla\u015f\u0131mlar\t\t\t\t\t\t<\/span>\n\t\t\t\t\t<\/div>\n\t\t\t\t<\/h2>\n\t\t\t\t\n\t\t\t\t\t\t\t\t<div class=\"blog-items cols\">\n\t\t\t\t\t\n\n<div class=\"blog-col\">\n\t<div class=\"blog-item content-box\">\n\t\t<div id=\"post-1043\" class=\"post-1043 post type-post status-publish format-standard has-post-thumbnail hentry category-web-tasarim tag-samsun tag-samsun-seo tag-samsun-web tag-samsun-web-tasarim tag-samsun-yazilim\">\n\t\t\t<div class=\"image\">\n\t\t\t\t\n\t\t<a class=\"post-thumbnail\" href=\"https:\/\/www.codiasoft.com\/blog\/web-tasarim-yapan-firmalar\/\" aria-hidden=\"true\" tabindex=\"-1\">\n\t\t\t<img fetchpriority=\"high\" decoding=\"async\" width=\"1280\" height=\"720\" src=\"https:\/\/www.codiasoft.com\/blog\/wp-content\/uploads\/2025\/01\/web-tasarim-yapan-firmalar-1280x720.avif\" class=\"attachment-cvio_1280x720 size-cvio_1280x720 not-transparent wp-post-image\" alt=\"Web Tasar\u0131m Yapan Firmalar\" data-has-transparency=\"false\" data-dominant-color=\"404648\" style=\"--dominant-color: #404648;\" \/>\n\t\t\t<span class=\"info\">\n\t\t\t\t<span class=\"centrize full-width\">\n\t\t\t\t\t<span class=\"vertical-center\">\n\t\t\t\t\t\t<span class=\"icon fas fa-plus\"><\/span>\n\t\t\t\t\t<\/span>\n\t\t\t\t<\/span>\n\t\t\t<\/span>\n\n\t\t\t\t\t<\/a>\n\n\t\t\t\t\t<\/div>\n\t\t\t<div class=\"desc\">\n\t\t\t\t\t\t\t\t\t<div class=\"date\">\n\t\t\t\t\t\t<a href=\"https:\/\/www.codiasoft.com\/blog\/web-tasarim-yapan-firmalar\/\">23 Ocak 2025<\/a>\n\t\t\t\t\t<\/div>\n\t\t\t\t\n\t\t\t\t\n\t\t\t\t<a href=\"https:\/\/www.codiasoft.com\/blog\/web-tasarim-yapan-firmalar\/\" class=\"name\">Web Tasar\u0131m Yapan Firmalar<\/a>\n\n\t\t\t\t\t\t\t\t<div class=\"single-post-text\">\n\t\t\t\t\t<p>Web Tasar\u0131m Yapan Firmalar Web Tasar\u0131m Yapan Firmalar Neden Do\u011fru Partneri Se\u00e7mek \u00d6nemlidir? Dijital \u00e7a\u011f\u0131n gereklilikleri aras\u0131nda web tasar\u0131m\u0131, i\u015fletmeler i\u00e7in kritik bir \u00f6neme sahiptir&#8230;.<\/p>\n\t\t\t\t<\/div>\n\t\t\t\t\t\t\t<\/div>\n\t\t<\/div>\n\t<\/div>\n<\/div>\n\n\n<div class=\"blog-col\">\n\t<div class=\"blog-item content-box\">\n\t\t<div id=\"post-1040\" class=\"post-1040 post type-post status-publish format-standard has-post-thumbnail hentry category-seo category-web-tasarim tag-profesyonel-tasarim tag-samsun-seo tag-samsun-web tag-web-tasarim\">\n\t\t\t<div class=\"image\">\n\t\t\t\t\n\t\t<a class=\"post-thumbnail\" href=\"https:\/\/www.codiasoft.com\/blog\/profesyonel-web-tasarim-hizmetleri\/\" aria-hidden=\"true\" tabindex=\"-1\">\n\t\t\t<img decoding=\"async\" width=\"1280\" height=\"720\" src=\"https:\/\/www.codiasoft.com\/blog\/wp-content\/uploads\/2025\/01\/profesyonel-web-tasarim-hizmetleri-1280x720.avif\" class=\"attachment-cvio_1280x720 size-cvio_1280x720 not-transparent wp-post-image\" alt=\"Profesyonel Web Tasar\u0131m Hizmetleri\" data-has-transparency=\"false\" data-dominant-color=\"9c9ba0\" style=\"--dominant-color: #9c9ba0;\" \/>\n\t\t\t<span class=\"info\">\n\t\t\t\t<span class=\"centrize full-width\">\n\t\t\t\t\t<span class=\"vertical-center\">\n\t\t\t\t\t\t<span class=\"icon fas fa-plus\"><\/span>\n\t\t\t\t\t<\/span>\n\t\t\t\t<\/span>\n\t\t\t<\/span>\n\n\t\t\t\t\t<\/a>\n\n\t\t\t\t\t<\/div>\n\t\t\t<div class=\"desc\">\n\t\t\t\t\t\t\t\t\t<div class=\"date\">\n\t\t\t\t\t\t<a href=\"https:\/\/www.codiasoft.com\/blog\/profesyonel-web-tasarim-hizmetleri\/\">16 Ocak 2025<\/a>\n\t\t\t\t\t<\/div>\n\t\t\t\t\n\t\t\t\t\n\t\t\t\t<a href=\"https:\/\/www.codiasoft.com\/blog\/profesyonel-web-tasarim-hizmetleri\/\" class=\"name\">Profesyonel Web Tasar\u0131m Hizmetleri<\/a>\n\n\t\t\t\t\t\t\t\t<div class=\"single-post-text\">\n\t\t\t\t\t<p>Profesyonel Web Tasar\u0131m Hizmetleri Profesyonel web tasar\u0131m hizmetleri G\u00fcn\u00fcm\u00fczde dijital varl\u0131klar, bir i\u015fletmenin ba\u015far\u0131s\u0131n\u0131 do\u011frudan etkileyen en \u00f6nemli unsurlar aras\u0131nda yer almaktad\u0131r. Profesyonel web tasar\u0131m&#8230;<\/p>\n\t\t\t\t<\/div>\n\t\t\t\t\t\t\t<\/div>\n\t\t<\/div>\n\t<\/div>\n<\/div>\n\n\n<div class=\"blog-col\">\n\t<div class=\"blog-item content-box\">\n\t\t<div id=\"post-1034\" class=\"post-1034 post type-post status-publish format-standard has-post-thumbnail hentry category-reklam-hizmetleri tag-reklam-ajansi tag-samsun tag-samsun-seo tag-samsun-web-tasarim\">\n\t\t\t<div class=\"image\">\n\t\t\t\t\n\t\t<a class=\"post-thumbnail\" href=\"https:\/\/www.codiasoft.com\/blog\/samsun-reklam-ajansi\/\" aria-hidden=\"true\" tabindex=\"-1\">\n\t\t\t<img decoding=\"async\" width=\"1280\" height=\"720\" src=\"https:\/\/www.codiasoft.com\/blog\/wp-content\/uploads\/2025\/01\/samsun-reklam-ajansi-1280x720.avif\" class=\"attachment-cvio_1280x720 size-cvio_1280x720 not-transparent wp-post-image\" alt=\"Samsun Reklam Ajans\u0131\" data-has-transparency=\"false\" data-dominant-color=\"bead9e\" style=\"--dominant-color: #bead9e;\" \/>\n\t\t\t<span class=\"info\">\n\t\t\t\t<span class=\"centrize full-width\">\n\t\t\t\t\t<span class=\"vertical-center\">\n\t\t\t\t\t\t<span class=\"icon fas fa-plus\"><\/span>\n\t\t\t\t\t<\/span>\n\t\t\t\t<\/span>\n\t\t\t<\/span>\n\n\t\t\t\t\t<\/a>\n\n\t\t\t\t\t<\/div>\n\t\t\t<div class=\"desc\">\n\t\t\t\t\t\t\t\t\t<div class=\"date\">\n\t\t\t\t\t\t<a href=\"https:\/\/www.codiasoft.com\/blog\/samsun-reklam-ajansi\/\">11 Ocak 2025<\/a>\n\t\t\t\t\t<\/div>\n\t\t\t\t\n\t\t\t\t\n\t\t\t\t<a href=\"https:\/\/www.codiasoft.com\/blog\/samsun-reklam-ajansi\/\" class=\"name\">Samsun Reklam Ajans\u0131<\/a>\n\n\t\t\t\t\t\t\t\t<div class=\"single-post-text\">\n\t\t\t\t\t<p>Samsun Reklam Ajans\u0131 Samsun Reklam Ajans\u0131 &#8211; CodiaSoft ile Teknoloji ile Tan\u0131\u015f\u0131n Reklam, bir markan\u0131n ya da i\u015fletmenin b\u00fcy\u00fcmesi, tan\u0131nmas\u0131 ve hedef kitlesine ula\u015fmas\u0131 i\u00e7in&#8230;<\/p>\n\t\t\t\t<\/div>\n\t\t\t\t\t\t\t<\/div>\n\t\t<\/div>\n\t<\/div>\n<\/div>\n\n\n<div class=\"blog-col\">\n\t<div class=\"blog-item content-box\">\n\t\t<div id=\"post-1030\" class=\"post-1030 post type-post status-publish format-standard has-post-thumbnail hentry category-seo category-web-tasarim tag-profesyonel-web-hizmetleri tag-samsun tag-web-sitesi-hizmetleri\">\n\t\t\t<div class=\"image\">\n\t\t\t\t\n\t\t<a class=\"post-thumbnail\" href=\"https:\/\/www.codiasoft.com\/blog\/profesyonel-web-sitesi-hizmetleri\/\" aria-hidden=\"true\" tabindex=\"-1\">\n\t\t\t<img loading=\"lazy\" decoding=\"async\" width=\"1280\" height=\"720\" src=\"https:\/\/www.codiasoft.com\/blog\/wp-content\/uploads\/2025\/01\/profesyonel-web-sitesi-hizmetleri-1280x720.avif\" class=\"attachment-cvio_1280x720 size-cvio_1280x720 not-transparent wp-post-image\" alt=\"Profesyonel Web Sitesi Hizmetleri\" data-has-transparency=\"false\" data-dominant-color=\"96888b\" style=\"--dominant-color: #96888b;\" \/>\n\t\t\t<span class=\"info\">\n\t\t\t\t<span class=\"centrize full-width\">\n\t\t\t\t\t<span class=\"vertical-center\">\n\t\t\t\t\t\t<span class=\"icon fas fa-plus\"><\/span>\n\t\t\t\t\t<\/span>\n\t\t\t\t<\/span>\n\t\t\t<\/span>\n\n\t\t\t\t\t<\/a>\n\n\t\t\t\t\t<\/div>\n\t\t\t<div class=\"desc\">\n\t\t\t\t\t\t\t\t\t<div class=\"date\">\n\t\t\t\t\t\t<a href=\"https:\/\/www.codiasoft.com\/blog\/profesyonel-web-sitesi-hizmetleri\/\">6 Ocak 2025<\/a>\n\t\t\t\t\t<\/div>\n\t\t\t\t\n\t\t\t\t\n\t\t\t\t<a href=\"https:\/\/www.codiasoft.com\/blog\/profesyonel-web-sitesi-hizmetleri\/\" class=\"name\">Profesyonel Web Sitesi Hizmetleri<\/a>\n\n\t\t\t\t\t\t\t\t<div class=\"single-post-text\">\n\t\t\t\t\t<p>Profesyonel Web Sitesi Hizmetleri G\u00fcn\u00fcm\u00fcz\u00fcn dijital \u00e7a\u011f\u0131nda bir i\u015fletmenin ba\u015far\u0131s\u0131, online d\u00fcnyada varl\u0131k g\u00f6stermesiyle do\u011frudan ba\u011flant\u0131l\u0131d\u0131r. Bu nedenle profesyonel web sitesi hizmetleri, i\u015fletmelerin ihtiya\u00e7 duydu\u011fu&#8230;<\/p>\n\t\t\t\t<\/div>\n\t\t\t\t\t\t\t<\/div>\n\t\t<\/div>\n\t<\/div>\n<\/div>\n\t\t\t\t<\/div>\n\n\t\t\t\t\t\t\t\t<div class=\"pager\">\n\t\t\t\t\t<span aria-current=\"page\" class=\"page-numbers current\">1<\/span>\n<a class=\"page-numbers\" href=\"https:\/\/www.codiasoft.com\/blog\/wp-json\/wp\/v2\/pages\/560\/page\/2\/#blog\">2<\/a>\n<span class=\"page-numbers dots\">&hellip;<\/span>\n<a class=\"page-numbers\" href=\"https:\/\/www.codiasoft.com\/blog\/wp-json\/wp\/v2\/pages\/560\/page\/13\/#blog\">13<\/a>\n<a class=\"next page-numbers\" href=\"https:\/\/www.codiasoft.com\/blog\/wp-json\/wp\/v2\/pages\/560\/page\/2\/#blog\">Sonraki<\/a>\t\t\t\t<\/div>\n\t\t\t\t\t\t\t\t\n\t\t\t\t\n\t\t\t\t<div class=\"clear\"><\/div>\n\t\t\t<\/div>\n\t\t<\/div>\n\n\t\t\t\t\t\t<\/div>\n\t\t\t\t<\/div>\n\t\t\t\t\t<\/div>\n\t\t<\/div>\n\t\t\t\t\t<\/div>\n\t\t<\/section>\n\t\t\t\t<\/div>\n\t\t","protected":false},"excerpt":{"rendered":"<p>CodiaBlog Biz hep &#8220;Ne Olursan Ol Yine Gel&#8221; yerine, &#8220;Ne Oldu\u011fun \u00d6nemli De\u011fil, Biz Sana Geliriz&#8221; diyenlerden olmak istedik. G\u00fczel izler b\u0131rakmak istiyoruz. Asl\u0131nda &#8220;G\u00fczel&#8230;<\/p>\n","protected":false},"author":1,"featured_media":0,"parent":0,"menu_order":0,"comment_status":"closed","ping_status":"closed","template":"template-elementor-builder.php","meta":{"footnotes":""},"class_list":["post-560","page","type-page","status-publish","hentry"],"acf":[],"yoast_head":"<!-- This site is optimized with the Yoast SEO plugin v24.8.1 - https:\/\/yoast.com\/wordpress\/plugins\/seo\/ -->\n<title>Blog - CodiaSoft Yaz\u0131l\u0131m \u015eirketi<\/title>\n<meta name=\"robots\" content=\"index, follow, max-snippet:-1, max-image-preview:large, max-video-preview:-1\" \/>\n<link rel=\"canonical\" href=\"https:\/\/www.codiasoft.com\/blog\/\" \/>\n<meta property=\"og:locale\" content=\"tr_TR\" \/>\n<meta property=\"og:type\" content=\"article\" \/>\n<meta property=\"og:title\" content=\"Blog - CodiaSoft Yaz\u0131l\u0131m \u015eirketi\" \/>\n<meta property=\"og:description\" content=\"CodiaBlog Biz hep &#8220;Ne Olursan Ol Yine Gel&#8221; yerine, &#8220;Ne Oldu\u011fun \u00d6nemli De\u011fil, Biz Sana Geliriz&#8221; diyenlerden olmak istedik. G\u00fczel izler b\u0131rakmak istiyoruz. Asl\u0131nda &#8220;G\u00fczel...\" \/>\n<meta property=\"og:url\" content=\"https:\/\/www.codiasoft.com\/blog\/\" \/>\n<meta property=\"og:site_name\" content=\"CodiaSoft Yaz\u0131l\u0131m \u015eirketi\" \/>\n<meta property=\"article:modified_time\" content=\"2023-09-06T10:11:05+00:00\" \/>\n<meta property=\"og:image\" content=\"https:\/\/www.codiasoft.com\/blog\/wp-content\/uploads\/2020\/01\/24_image.jpg\" \/>\n<meta name=\"twitter:card\" content=\"summary_large_image\" \/>\n<meta name=\"twitter:label1\" content=\"Tahmini okuma s\u00fcresi\" \/>\n\t<meta name=\"twitter:data1\" content=\"4 dakika\" \/>\n<script type=\"application\/ld+json\" class=\"yoast-schema-graph\">{\"@context\":\"https:\/\/schema.org\",\"@graph\":[{\"@type\":\"WebPage\",\"@id\":\"https:\/\/www.codiasoft.com\/blog\/\",\"url\":\"https:\/\/www.codiasoft.com\/blog\/\",\"name\":\"Blog - CodiaSoft Yaz\u0131l\u0131m \u015eirketi\",\"isPartOf\":{\"@id\":\"https:\/\/www.codiasoft.com\/blog\/#website\"},\"primaryImageOfPage\":{\"@id\":\"https:\/\/www.codiasoft.com\/blog\/#primaryimage\"},\"image\":{\"@id\":\"https:\/\/www.codiasoft.com\/blog\/#primaryimage\"},\"thumbnailUrl\":\"https:\/\/www.codiasoft.com\/blog\/wp-content\/uploads\/2020\/01\/24_image.jpg\",\"datePublished\":\"2020-08-09T17:11:11+00:00\",\"dateModified\":\"2023-09-06T10:11:05+00:00\",\"breadcrumb\":{\"@id\":\"https:\/\/www.codiasoft.com\/blog\/#breadcrumb\"},\"inLanguage\":\"tr\",\"potentialAction\":[{\"@type\":\"ReadAction\",\"target\":[\"https:\/\/www.codiasoft.com\/blog\/\"]}]},{\"@type\":\"ImageObject\",\"inLanguage\":\"tr\",\"@id\":\"https:\/\/www.codiasoft.com\/blog\/#primaryimage\",\"url\":\"https:\/\/www.codiasoft.com\/blog\/wp-content\/uploads\/2020\/01\/24_image.jpg\",\"contentUrl\":\"https:\/\/www.codiasoft.com\/blog\/wp-content\/uploads\/2020\/01\/24_image.jpg\",\"width\":1280,\"height\":720},{\"@type\":\"BreadcrumbList\",\"@id\":\"https:\/\/www.codiasoft.com\/blog\/#breadcrumb\",\"itemListElement\":[{\"@type\":\"ListItem\",\"position\":1,\"name\":\"Anasayfa\",\"item\":\"https:\/\/www.codiasoft.com\/blog\/\"},{\"@type\":\"ListItem\",\"position\":2,\"name\":\"Blog\"}]},{\"@type\":\"WebSite\",\"@id\":\"https:\/\/www.codiasoft.com\/blog\/#website\",\"url\":\"https:\/\/www.codiasoft.com\/blog\/\",\"name\":\"CodiaSoft Yaz\u0131l\u0131m \u015eirketi\",\"description\":\"\",\"potentialAction\":[{\"@type\":\"SearchAction\",\"target\":{\"@type\":\"EntryPoint\",\"urlTemplate\":\"https:\/\/www.codiasoft.com\/blog\/?s={search_term_string}\"},\"query-input\":{\"@type\":\"PropertyValueSpecification\",\"valueRequired\":true,\"valueName\":\"search_term_string\"}}],\"inLanguage\":\"tr\"}]}<\/script>\n<!-- \/ Yoast SEO plugin. -->","yoast_head_json":{"title":"Blog - CodiaSoft Yaz\u0131l\u0131m \u015eirketi","robots":{"index":"index","follow":"follow","max-snippet":"max-snippet:-1","max-image-preview":"max-image-preview:large","max-video-preview":"max-video-preview:-1"},"canonical":"https:\/\/www.codiasoft.com\/blog\/","og_locale":"tr_TR","og_type":"article","og_title":"Blog - CodiaSoft Yaz\u0131l\u0131m \u015eirketi","og_description":"CodiaBlog Biz hep &#8220;Ne Olursan Ol Yine Gel&#8221; yerine, &#8220;Ne Oldu\u011fun \u00d6nemli De\u011fil, Biz Sana Geliriz&#8221; diyenlerden olmak istedik. G\u00fczel izler b\u0131rakmak istiyoruz. Asl\u0131nda &#8220;G\u00fczel...","og_url":"https:\/\/www.codiasoft.com\/blog\/","og_site_name":"CodiaSoft Yaz\u0131l\u0131m \u015eirketi","article_modified_time":"2023-09-06T10:11:05+00:00","og_image":[{"url":"https:\/\/www.codiasoft.com\/blog\/wp-content\/uploads\/2020\/01\/24_image.jpg","type":"","width":"","height":""}],"twitter_card":"summary_large_image","twitter_misc":{"Tahmini okuma s\u00fcresi":"4 dakika"},"schema":{"@context":"https:\/\/schema.org","@graph":[{"@type":"WebPage","@id":"https:\/\/www.codiasoft.com\/blog\/","url":"https:\/\/www.codiasoft.com\/blog\/","name":"Blog - CodiaSoft Yaz\u0131l\u0131m \u015eirketi","isPartOf":{"@id":"https:\/\/www.codiasoft.com\/blog\/#website"},"primaryImageOfPage":{"@id":"https:\/\/www.codiasoft.com\/blog\/#primaryimage"},"image":{"@id":"https:\/\/www.codiasoft.com\/blog\/#primaryimage"},"thumbnailUrl":"https:\/\/www.codiasoft.com\/blog\/wp-content\/uploads\/2020\/01\/24_image.jpg","datePublished":"2020-08-09T17:11:11+00:00","dateModified":"2023-09-06T10:11:05+00:00","breadcrumb":{"@id":"https:\/\/www.codiasoft.com\/blog\/#breadcrumb"},"inLanguage":"tr","potentialAction":[{"@type":"ReadAction","target":["https:\/\/www.codiasoft.com\/blog\/"]}]},{"@type":"ImageObject","inLanguage":"tr","@id":"https:\/\/www.codiasoft.com\/blog\/#primaryimage","url":"https:\/\/www.codiasoft.com\/blog\/wp-content\/uploads\/2020\/01\/24_image.jpg","contentUrl":"https:\/\/www.codiasoft.com\/blog\/wp-content\/uploads\/2020\/01\/24_image.jpg","width":1280,"height":720},{"@type":"BreadcrumbList","@id":"https:\/\/www.codiasoft.com\/blog\/#breadcrumb","itemListElement":[{"@type":"ListItem","position":1,"name":"Anasayfa","item":"https:\/\/www.codiasoft.com\/blog\/"},{"@type":"ListItem","position":2,"name":"Blog"}]},{"@type":"WebSite","@id":"https:\/\/www.codiasoft.com\/blog\/#website","url":"https:\/\/www.codiasoft.com\/blog\/","name":"CodiaSoft Yaz\u0131l\u0131m \u015eirketi","description":"","potentialAction":[{"@type":"SearchAction","target":{"@type":"EntryPoint","urlTemplate":"https:\/\/www.codiasoft.com\/blog\/?s={search_term_string}"},"query-input":{"@type":"PropertyValueSpecification","valueRequired":true,"valueName":"search_term_string"}}],"inLanguage":"tr"}]}},"_links":{"self":[{"href":"https:\/\/www.codiasoft.com\/blog\/wp-json\/wp\/v2\/pages\/560","targetHints":{"allow":["GET"]}}],"collection":[{"href":"https:\/\/www.codiasoft.com\/blog\/wp-json\/wp\/v2\/pages"}],"about":[{"href":"https:\/\/www.codiasoft.com\/blog\/wp-json\/wp\/v2\/types\/page"}],"author":[{"embeddable":true,"href":"https:\/\/www.codiasoft.com\/blog\/wp-json\/wp\/v2\/users\/1"}],"replies":[{"embeddable":true,"href":"https:\/\/www.codiasoft.com\/blog\/wp-json\/wp\/v2\/comments?post=560"}],"version-history":[{"count":50,"href":"https:\/\/www.codiasoft.com\/blog\/wp-json\/wp\/v2\/pages\/560\/revisions"}],"predecessor-version":[{"id":741,"href":"https:\/\/www.codiasoft.com\/blog\/wp-json\/wp\/v2\/pages\/560\/revisions\/741"}],"wp:attachment":[{"href":"https:\/\/www.codiasoft.com\/blog\/wp-json\/wp\/v2\/media?parent=560"}],"curies":[{"name":"wp","href":"https:\/\/api.w.org\/{rel}","templated":true}]}}